{"id":223972,"date":"2021-02-10T22:24:31","date_gmt":"2021-02-10T22:24:31","guid":{"rendered":"https:\/\/demosdivi.lovelyconfetti.com\/vivienpro\/?page_id=223972"},"modified":"2025-10-28T10:20:33","modified_gmt":"2025-10-28T10:20:33","slug":"kontakt","status":"publish","type":"page","link":"https:\/\/velvetweddings.pl\/?page_id=223972","title":{"rendered":"Kontakt"},"content":{"rendered":"<p>[et_pb_section fb_built=&#8221;1&#8243; module_class=&#8221;vivienpro_light_background&#8221; _builder_version=&#8221;4.16&#8243; _module_preset=&#8221;default&#8221; background_color=&#8221;RGBA(0,0,0,0)&#8221; background_image=&#8221;https:\/\/velvetweddings.pl\/wp-content\/uploads\/2021\/05\/vivienpro_shadow-1.png&#8221; background_position=&#8221;top_center&#8221; global_colors_info=&#8221;{}&#8221;][et_pb_row column_structure=&#8221;1_2,1_2&#8243; use_custom_gutter=&#8221;on&#8221; make_equal=&#8221;on&#8221; _builder_version=&#8221;4.16&#8243; _module_preset=&#8221;default&#8221; global_colors_info=&#8221;{}&#8221;][et_pb_column type=&#8221;1_2&#8243; _builder_version=&#8221;4.16&#8243; _module_preset=&#8221;default&#8221; background_enable_image=&#8221;off&#8221; global_colors_info=&#8221;{}&#8221;][et_pb_image src=&#8221;https:\/\/velvetweddings.pl\/wp-content\/uploads\/2025\/06\/Kapelusz-\u2014-kopia-1.jpg&#8221; title_text=&#8221;Kapelusz-\u2014-kopia&#8221; _builder_version=&#8221;4.27.4&#8243; _module_preset=&#8221;default&#8221; background_image=&#8221;https:\/\/demosdivi.lovelyconfetti.com\/vivienpro\/wp-content\/uploads\/sites\/13\/2021\/02\/VivienPro-Lifestyle03-1.jpg&#8221; hover_enabled=&#8221;0&#8243; global_colors_info=&#8221;{}&#8221; sticky_enabled=&#8221;0&#8243;][\/et_pb_image][\/et_pb_column][et_pb_column type=&#8221;1_2&#8243; _builder_version=&#8221;4.16&#8243; _module_preset=&#8221;default&#8221; background_enable_color=&#8221;off&#8221; custom_css_main_element=&#8221;display: flex;||flex-direction: column;||justify-content: center;&#8221; global_colors_info=&#8221;{}&#8221;][et_pb_text _builder_version=&#8221;4.16&#8243; _module_preset=&#8221;default&#8221; text_text_color=&#8221;#9d8a46&#8243; text_font_size=&#8221;12px&#8221; text_letter_spacing=&#8221;2px&#8221; text_line_height=&#8221;2.4em&#8221; header_2_text_align=&#8221;center&#8221; header_2_font_size=&#8221;28px&#8221; header_2_line_height=&#8221;1.2em&#8221; background_color=&#8221;#FFFFFF&#8221; text_orientation=&#8221;center&#8221; custom_margin=&#8221;||0px|-20%|false|false&#8221; custom_padding=&#8221;5%||0px||false|false&#8221; border_color_all=&#8221;#FFFFFF&#8221; global_colors_info=&#8221;{}&#8221;]<\/p>\n<h2>Masz pytania? Chcesz dowiedzie\u0107 si\u0119 wi\u0119cej o wsp\u00f3\u0142pracy lub um\u00f3wi\u0107 si\u0119 na niezobowi\u0105zuj\u0105ce spotkanie?<\/h2>\n<p>[\/et_pb_text][et_pb_text _builder_version=&#8221;4.16&#8243; _module_preset=&#8221;default&#8221; text_letter_spacing=&#8221;1px&#8221; text_line_height=&#8221;1.2em&#8221; header_2_text_align=&#8221;center&#8221; header_2_line_height=&#8221;1.5em&#8221; header_4_line_height=&#8221;2.4em&#8221; background_color=&#8221;#FFFFFF&#8221; text_orientation=&#8221;center&#8221; custom_margin=&#8221;||0px|-20%|false|false&#8221; custom_padding=&#8221;0px||5%||false|false&#8221; border_color_all=&#8221;#FFFFFF&#8221; global_colors_info=&#8221;{}&#8221;]<\/p>\n<p>Prze\u015blij swoje pytanie<\/p>\n<h4><em>lub napisz\u00a0 email: kontakt@velvetweddings.pl<\/em><\/h4>\n<p>[\/et_pb_text][et_pb_contact_form email=&#8221;kontakt@velvetweddings.pl&#8221; success_message=&#8221;Dzi\u0119kujemy za przes\u0142anie wiadomo\u015bci&#8221; _builder_version=&#8221;4.27.4&#8243; _module_preset=&#8221;default&#8221; _unique_id=&#8221;bc52a70d-2a5a-43be-bda1-a5f16d0dba9f&#8221; form_field_background_color=&#8221;#FFFFFF&#8221; form_field_text_color=&#8221;#000000&#8243; form_field_font=&#8221;||||||||&#8221; form_field_font_size=&#8221;11px&#8221; form_field_letter_spacing=&#8221;1px&#8221; background_color=&#8221;#FFFFFF&#8221; custom_margin=&#8221;|||-20%|false|false&#8221; custom_margin_tablet=&#8221;|||0%|false|false&#8221; custom_margin_phone=&#8221;|||0%|false|false&#8221; custom_margin_last_edited=&#8221;on|tablet&#8221; custom_padding=&#8221;3%|9%|7%|9%|false|true&#8221; border_width_all=&#8221;1px&#8221; global_colors_info=&#8221;{}&#8221;][et_pb_contact_field field_id=&#8221;Imi\u0119&#8221; field_title=&#8221;Imi\u0119&#8221; _builder_version=&#8221;4.27.4&#8243; global_colors_info=&#8221;{}&#8221; button_text_size__hover_enabled=&#8221;off&#8221; button_one_text_size__hover_enabled=&#8221;off&#8221; button_two_text_size__hover_enabled=&#8221;off&#8221; button_text_color__hover_enabled=&#8221;off&#8221; button_one_text_color__hover_enabled=&#8221;off&#8221; button_two_text_color__hover_enabled=&#8221;off&#8221; button_border_width__hover_enabled=&#8221;off&#8221; button_one_border_width__hover_enabled=&#8221;off&#8221; button_two_border_width__hover_enabled=&#8221;off&#8221; button_border_color__hover_enabled=&#8221;off&#8221; button_one_border_color__hover_enabled=&#8221;off&#8221; button_two_border_color__hover_enabled=&#8221;off&#8221; button_border_radius__hover_enabled=&#8221;off&#8221; button_one_border_radius__hover_enabled=&#8221;off&#8221; button_two_border_radius__hover_enabled=&#8221;off&#8221; button_letter_spacing__hover_enabled=&#8221;off&#8221; button_one_letter_spacing__hover_enabled=&#8221;off&#8221; button_two_letter_spacing__hover_enabled=&#8221;off&#8221; button_bg_color__hover_enabled=&#8221;off&#8221; button_one_bg_color__hover_enabled=&#8221;off&#8221; button_two_bg_color__hover_enabled=&#8221;off&#8221;][\/et_pb_contact_field][et_pb_contact_field field_id=&#8221;Email&#8221; field_title=&#8221;Tw\u00f3j adres e-mail&#8221; field_type=&#8221;email&#8221; _builder_version=&#8221;4.27.4&#8243; global_colors_info=&#8221;{}&#8221; button_text_size__hover_enabled=&#8221;off&#8221; button_one_text_size__hover_enabled=&#8221;off&#8221; button_two_text_size__hover_enabled=&#8221;off&#8221; button_text_color__hover_enabled=&#8221;off&#8221; button_one_text_color__hover_enabled=&#8221;off&#8221; button_two_text_color__hover_enabled=&#8221;off&#8221; button_border_width__hover_enabled=&#8221;off&#8221; button_one_border_width__hover_enabled=&#8221;off&#8221; button_two_border_width__hover_enabled=&#8221;off&#8221; button_border_color__hover_enabled=&#8221;off&#8221; button_one_border_color__hover_enabled=&#8221;off&#8221; button_two_border_color__hover_enabled=&#8221;off&#8221; button_border_radius__hover_enabled=&#8221;off&#8221; button_one_border_radius__hover_enabled=&#8221;off&#8221; button_two_border_radius__hover_enabled=&#8221;off&#8221; button_letter_spacing__hover_enabled=&#8221;off&#8221; button_one_letter_spacing__hover_enabled=&#8221;off&#8221; button_two_letter_spacing__hover_enabled=&#8221;off&#8221; button_bg_color__hover_enabled=&#8221;off&#8221; button_one_bg_color__hover_enabled=&#8221;off&#8221; button_two_bg_color__hover_enabled=&#8221;off&#8221;][\/et_pb_contact_field][et_pb_contact_field field_id=&#8221;Temat&#8221; field_title=&#8221;Temat&#8221; fullwidth_field=&#8221;on&#8221; _builder_version=&#8221;4.27.4&#8243; _module_preset=&#8221;default&#8221; global_colors_info=&#8221;{}&#8221;][\/et_pb_contact_field][et_pb_contact_field field_id=&#8221;Wiadomo\u015b\u0107&#8221; field_title=&#8221;Wiadomo\u015b\u0107&#8221; field_type=&#8221;text&#8221; fullwidth_field=&#8221;on&#8221; _builder_version=&#8221;4.27.4&#8243; height=&#8221;189px&#8221; global_colors_info=&#8221;{}&#8221; button_text_size__hover_enabled=&#8221;off&#8221; button_one_text_size__hover_enabled=&#8221;off&#8221; button_two_text_size__hover_enabled=&#8221;off&#8221; button_text_color__hover_enabled=&#8221;off&#8221; button_one_text_color__hover_enabled=&#8221;off&#8221; button_two_text_color__hover_enabled=&#8221;off&#8221; button_border_width__hover_enabled=&#8221;off&#8221; button_one_border_width__hover_enabled=&#8221;off&#8221; button_two_border_width__hover_enabled=&#8221;off&#8221; button_border_color__hover_enabled=&#8221;off&#8221; button_one_border_color__hover_enabled=&#8221;off&#8221; button_two_border_color__hover_enabled=&#8221;off&#8221; button_border_radius__hover_enabled=&#8221;off&#8221; button_one_border_radius__hover_enabled=&#8221;off&#8221; button_two_border_radius__hover_enabled=&#8221;off&#8221; button_letter_spacing__hover_enabled=&#8221;off&#8221; button_one_letter_spacing__hover_enabled=&#8221;off&#8221; button_two_letter_spacing__hover_enabled=&#8221;off&#8221; button_bg_color__hover_enabled=&#8221;off&#8221; button_one_bg_color__hover_enabled=&#8221;off&#8221; button_two_bg_color__hover_enabled=&#8221;off&#8221;][\/et_pb_contact_field][et_pb_contact_field field_id=&#8221;POLITYKA_PRYWATNO\u015aCI&#8221; field_title=&#8221;Polityka prywatno\u015bci&#8221; field_type=&#8221;checkbox&#8221; checkbox_options=&#8221;%91{%22value%22:%22Zapozna\u0142am\/em si\u0119 z %22,%22checked%22:0,%22dragID%22:-1,%22link_url%22:%22#%22,%22link_text%22:%22Polityk\u0105 Prywatno\u015bci%22}%93&#8243; fullwidth_field=&#8221;on&#8221; _builder_version=&#8221;4.27.4&#8243; _module_preset=&#8221;default&#8221; link_option_url=&#8221;https:\/\/velvetweddings.pl\/?project=polityka-prywatnosci&#8221; link_option_url_new_window=&#8221;on&#8221; global_colors_info=&#8221;{}&#8221;][\/et_pb_contact_field][\/et_pb_contact_form][\/et_pb_column][\/et_pb_row][\/et_pb_section][et_pb_section fb_built=&#8221;1&#8243; module_class=&#8221;vivienpro_dark_background&#8221; _builder_version=&#8221;4.16&#8243; _module_preset=&#8221;default&#8221; background_color=&#8221;#393e34&#8243; background_image=&#8221;https:\/\/demosdivi.lovelyconfetti.com\/vivienpro\/wp-content\/uploads\/sites\/13\/2021\/06\/VivienPro-Hero10-1-scaled.jpg&#8221; background_blend=&#8221;multiply&#8221; global_colors_info=&#8221;{}&#8221;][et_pb_row column_structure=&#8221;1_3,1_3,1_3&#8243; _builder_version=&#8221;4.16&#8243; _module_preset=&#8221;default&#8221; global_colors_info=&#8221;{}&#8221;][et_pb_column type=&#8221;1_3&#8243; _builder_version=&#8221;4.16&#8243; _module_preset=&#8221;default&#8221; global_colors_info=&#8221;{}&#8221;][et_pb_blurb title=&#8221;KONTAKT&#8221; use_icon=&#8221;on&#8221; font_icon=&#8221;&#xe010;||divi||400&#8243; icon_color=&#8221;#FFFFFF&#8221; image_icon_width=&#8221;30px&#8221; _builder_version=&#8221;4.27.4&#8243; _module_preset=&#8221;default&#8221; header_level=&#8221;h3&#8243; header_text_align=&#8221;center&#8221; header_font_size=&#8221;24px&#8221; body_font_size=&#8221;12px&#8221; body_letter_spacing=&#8221;1px&#8221; text_orientation=&#8221;center&#8221; background_layout=&#8221;dark&#8221; custom_padding=&#8221;||0px|||&#8221; icon_font_size=&#8221;30px&#8221; global_colors_info=&#8221;{}&#8221;]<\/p>\n<p><span style=\"color: #ffffff;\"><a href=\"mailto:KONTAKT@VELVETWEDDINGS.PL\" style=\"font-size: 12px; color: #ffffff;\">KONTAKT@VELVETWEDDINGS.PL<\/a><\/span><\/p>\n<p><span style=\"color: #ffffff;\"><a href=\"mailto:WSPOLPRACA@VELVETWEDDINGS.PL\" style=\"color: #ffffff;\">WSPOLPRACA@VELVETWEDDINGS.PL<\/a><\/span><\/p>\n<p>TEL. +48 797 009 515<\/p>\n<p>[\/et_pb_blurb][\/et_pb_column][et_pb_column type=&#8221;1_3&#8243; _builder_version=&#8221;4.16&#8243; _module_preset=&#8221;default&#8221; global_colors_info=&#8221;{}&#8221;][et_pb_blurb title=&#8221;MOJA LOKALIZACJA&#8221; use_icon=&#8221;on&#8221; font_icon=&#8221;&#xe01d;||divi||400&#8243; icon_color=&#8221;#FFFFFF&#8221; image_icon_width=&#8221;30px&#8221; _builder_version=&#8221;4.27.4&#8243; _module_preset=&#8221;default&#8221; header_level=&#8221;h3&#8243; header_text_align=&#8221;center&#8221; header_font_size=&#8221;24px&#8221; body_font_size=&#8221;12px&#8221; body_letter_spacing=&#8221;1px&#8221; text_orientation=&#8221;center&#8221; background_layout=&#8221;dark&#8221; border_width_right=&#8221;1px&#8221; border_color_right=&#8221;#FFFFFF&#8221; border_width_left=&#8221;1px&#8221; border_color_left=&#8221;#FFFFFF&#8221; border_width_right_tablet=&#8221;0px&#8221; border_width_right_phone=&#8221;&#8221; border_width_right_last_edited=&#8221;on|tablet&#8221; border_width_left_tablet=&#8221;0px&#8221; border_width_left_phone=&#8221;&#8221; border_width_left_last_edited=&#8221;on|desktop&#8221; icon_font_size=&#8221;30px&#8221; global_colors_info=&#8221;{}&#8221;]<\/p>\n<p>WROC\u0141AW | OKOLICE<\/p>\n<p>Jeste\u015b z innego miasta? \u017baden k\u0142opot \u2013 napisz, pogadamy i zobaczymy, co da si\u0119 zrobi\u0107. W dzisiejszych czasach granice to tylko linie na mapie!<\/p>\n<p>[\/et_pb_blurb][\/et_pb_column][et_pb_column type=&#8221;1_3&#8243; _builder_version=&#8221;4.16&#8243; _module_preset=&#8221;default&#8221; global_colors_info=&#8221;{}&#8221;][et_pb_blurb title=&#8221;UM\u00d3W SI\u0118 ZE MN\u0104&#8221; use_icon=&#8221;on&#8221; font_icon=&#8221;&#x7d;||divi||400&#8243; icon_color=&#8221;#FFFFFF&#8221; image_icon_width=&#8221;30px&#8221; _builder_version=&#8221;4.27.4&#8243; _module_preset=&#8221;default&#8221; header_level=&#8221;h3&#8243; header_text_align=&#8221;center&#8221; header_font_size=&#8221;24px&#8221; body_letter_spacing=&#8221;1px&#8221; text_orientation=&#8221;center&#8221; background_layout=&#8221;dark&#8221; icon_font_size=&#8221;30px&#8221; global_colors_info=&#8221;{}&#8221;]<\/p>\n<p>Pierwsza rozmowa (online lub na \u017cywo) jest zawsze niezobowi\u0105zuj\u0105ca \u2013 poznacie mnie, opowiecie o swojej wizji, a ja odpowiem na Wasze pytania.\u00a0<\/p>\n<p>[\/et_pb_blurb][\/et_pb_column][\/et_pb_row][\/et_pb_section][et_pb_section fb_built=&#8221;1&#8243; module_class=&#8221;vivienpro_questions&#8221; _builder_version=&#8221;4.16&#8243; _module_preset=&#8221;default&#8221; background_color=&#8221;RGBA(0,0,0,0)&#8221; custom_margin=&#8221;||40px||false|false&#8221; global_colors_info=&#8221;{}&#8221;][et_pb_row _builder_version=&#8221;4.16&#8243; _module_preset=&#8221;default&#8221; global_colors_info=&#8221;{}&#8221;][et_pb_column type=&#8221;4_4&#8243; _builder_version=&#8221;4.16&#8243; _module_preset=&#8221;default&#8221; global_colors_info=&#8221;{}&#8221;][et_pb_text _builder_version=&#8221;4.16&#8243; _module_preset=&#8221;default&#8221; text_text_color=&#8221;#9d8a46&#8243; text_font_size=&#8221;12px&#8221; text_letter_spacing=&#8221;1px&#8221; text_line_height=&#8221;1.9em&#8221; header_2_text_align=&#8221;center&#8221; header_2_font_size=&#8221;28px&#8221; header_2_letter_spacing=&#8221;1px&#8221; header_2_line_height=&#8221;1.2em&#8221; text_orientation=&#8221;center&#8221; global_colors_info=&#8221;{}&#8221;]<\/p>\n<p><strong>MASZ PYTANIA? MAM ODPOWIEDZI!<\/strong><\/p>\n<h2>FAQ<\/h2>\n<p>[\/et_pb_text][\/et_pb_column][\/et_pb_row][et_pb_row column_structure=&#8221;1_2,1_2&#8243; _builder_version=&#8221;4.16&#8243; _module_preset=&#8221;default&#8221; global_colors_info=&#8221;{}&#8221;][et_pb_column type=&#8221;1_2&#8243; _builder_version=&#8221;4.16&#8243; _module_preset=&#8221;default&#8221; global_colors_info=&#8221;{}&#8221;][et_pb_cta title=&#8221;Czy wsp\u00f3\u0142praca z wedding plannerem oznacza, \u017ce tracimy kontrol\u0119 nad \u015blubem?&#8221; button_text=&#8221;Click Here&#8221; _builder_version=&#8221;4.16&#8243; _module_preset=&#8221;default&#8221; header_font_size=&#8221;22px&#8221; header_letter_spacing=&#8221;1px&#8221; header_line_height=&#8221;1.4em&#8221; body_text_align=&#8221;justify&#8221; background_enable_color=&#8221;off&#8221; text_orientation=&#8221;left&#8221; background_layout=&#8221;light&#8221; custom_padding=&#8221;|10%|0px|10%|false|true&#8221; global_colors_info=&#8221;{}&#8221;]<\/p>\n<p><strong>Absolutnie nie. To Wy podejmujecie wszystkie decyzje \u2013 ja pomagam, doradzam, porz\u0105dkuj\u0119 i realizuj\u0119. Jeste\u015bmy zespo\u0142em, a moim celem jest stworzy\u0107 dzie\u0144, kt\u00f3ry b\u0119dzie naprawd\u0119 Wasz \u2013 a nie \u201eidealny wed\u0142ug kogo\u015b innego\u201d.<\/strong><\/p>\n<p>[\/et_pb_cta][et_pb_cta title=&#8221;Czym r\u00f3\u017cni si\u0119 Velvet Weddings od innych agencji?&#8221; button_text=&#8221;Click Here&#8221; _builder_version=&#8221;4.16&#8243; _module_preset=&#8221;default&#8221; header_font_size=&#8221;22px&#8221; header_letter_spacing=&#8221;1px&#8221; header_line_height=&#8221;1.4em&#8221; body_text_align=&#8221;justify&#8221; background_enable_color=&#8221;off&#8221; text_orientation=&#8221;left&#8221; background_layout=&#8221;light&#8221; custom_padding=&#8221;|10%|0px|10%|false|true&#8221; global_colors_info=&#8221;{}&#8221;]<\/p>\n<p><strong>V<\/strong>elvet Weddings to nie gotowe szablony i masowe realizacje \u2013 to indywidualne podej\u015bcie, dopasowane do Waszej historii, estetyki i potrzeb. \u0141\u0105cz\u0119 organizacyjn\u0105 precyzj\u0119 z artystyczn\u0105 dusz\u0105 \u2013 dzi\u0119ki temu \u015bluby, kt\u00f3re tworz\u0119, s\u0105 pi\u0119kne, emocjonalne i dopracowane w najmniejszych szczeg\u00f3\u0142ach.<\/p>\n<p>[\/et_pb_cta][\/et_pb_column][et_pb_column type=&#8221;1_2&#8243; _builder_version=&#8221;4.16&#8243; _module_preset=&#8221;default&#8221; global_colors_info=&#8221;{}&#8221;][et_pb_cta title=&#8221;Dlaczego warto mie\u0107 wedding plannera?&#8221; button_text=&#8221;Click Here&#8221; _builder_version=&#8221;4.16&#8243; _module_preset=&#8221;default&#8221; header_font=&#8221;||||||||&#8221; header_font_size=&#8221;22px&#8221; header_letter_spacing=&#8221;1px&#8221; header_line_height=&#8221;1.4em&#8221; body_text_align=&#8221;justify&#8221; background_enable_color=&#8221;off&#8221; text_orientation=&#8221;left&#8221; background_layout=&#8221;light&#8221; custom_padding=&#8221;|10%||10%|false|true&#8221; global_colors_info=&#8221;{}&#8221;]<\/p>\n<p><strong data-start=\"917\" data-end=\"949\">Bo \u015blub to nie tylko jeden dzie\u0144, a przygotowania potrafi\u0105 by\u0107 przyt\u0142aczaj\u0105ce. Wedding planner to osoba, kt\u00f3ra odci\u0105\u017ca Was na ka\u017cdym etapie<\/strong>, pilnuje harmonogramu, dba o kontakt z podwykonawcami i czuwa nad ca\u0142o\u015bci\u0105 \u2013 \u017ceby\u015bcie mogli prze\u017cywa\u0107 ten czas spokojnie i \u015bwiadomie.<\/p>\n<p>[\/et_pb_cta][et_pb_cta title=&#8221;Czy organizujesz te\u017c mniejsze ceremonie lub \u015bluby plenerowe?&#8221; button_text=&#8221;Click Here&#8221; _builder_version=&#8221;4.16&#8243; _module_preset=&#8221;default&#8221; header_font=&#8221;||||||||&#8221; header_font_size=&#8221;22px&#8221; header_letter_spacing=&#8221;1px&#8221; header_line_height=&#8221;1.4em&#8221; body_text_align=&#8221;justify&#8221; background_enable_color=&#8221;off&#8221; text_orientation=&#8221;left&#8221; background_layout=&#8221;light&#8221; min_height=&#8221;245px&#8221; custom_padding=&#8221;|10%||10%|false|true&#8221; global_colors_info=&#8221;{}&#8221;]<\/p>\n<p><strong>Oczywi\u015bcie! Uwielbiam kameralne przyj\u0119cia i \u015bluby w klimatycznych przestrzeniach \u2013 od ogrodu, przez stodo\u0142\u0119, po eleganck\u0105 sal\u0119. Ka\u017cda forma \u015bwi\u0119towania ma sw\u00f3j urok, je\u015bli oddaje Wasz\u0105 osobowo\u015b\u0107.<\/strong><\/p>\n<p>[\/et_pb_cta][\/et_pb_column][\/et_pb_row][\/et_pb_section]<\/p>\n","protected":false},"excerpt":{"rendered":"<p>Masz pytania? Chcesz dowiedzie\u0107 si\u0119 wi\u0119cej o wsp\u00f3\u0142pracy lub um\u00f3wi\u0107 si\u0119 na niezobowi\u0105zuj\u0105ce spotkanie?Prze\u015blij swoje pytanie lub napisz\u00a0 email: kontakt@velvetweddings.plKONTAKT@VELVETWEDDINGS.PL WSPOLPRACA@VELVETWEDDINGS.PL TEL. +48 797 009 515WROC\u0141AW | OKOLICE Jeste\u015b z innego miasta? \u017baden k\u0142opot \u2013 napisz, pogadamy i zobaczymy, co da si\u0119 zrobi\u0107. W dzisiejszych czasach granice to tylko linie na mapie!Pierwsza rozmowa (online lub [&hellip;]<\/p>\n","protected":false},"author":2,"featured_media":0,"parent":0,"menu_order":0,"comment_status":"closed","ping_status":"closed","template":"","meta":{"_et_pb_use_builder":"on","_et_pb_old_content":"","_et_gb_content_width":"","footnotes":""},"class_list":["post-223972","page","type-page","status-publish","hentry"],"_links":{"self":[{"href":"https:\/\/velvetweddings.pl\/index.php?rest_route=\/wp\/v2\/pages\/223972","targetHints":{"allow":["GET"]}}],"collection":[{"href":"https:\/\/velvetweddings.pl\/index.php?rest_route=\/wp\/v2\/pages"}],"about":[{"href":"https:\/\/velvetweddings.pl\/index.php?rest_route=\/wp\/v2\/types\/page"}],"author":[{"embeddable":true,"href":"https:\/\/velvetweddings.pl\/index.php?rest_route=\/wp\/v2\/users\/2"}],"replies":[{"embeddable":true,"href":"https:\/\/velvetweddings.pl\/index.php?rest_route=%2Fwp%2Fv2%2Fcomments&post=223972"}],"version-history":[{"count":24,"href":"https:\/\/velvetweddings.pl\/index.php?rest_route=\/wp\/v2\/pages\/223972\/revisions"}],"predecessor-version":[{"id":230065,"href":"https:\/\/velvetweddings.pl\/index.php?rest_route=\/wp\/v2\/pages\/223972\/revisions\/230065"}],"wp:attachment":[{"href":"https:\/\/velvetweddings.pl\/index.php?rest_route=%2Fwp%2Fv2%2Fmedia&parent=223972"}],"curies":[{"name":"wp","href":"https:\/\/api.w.org\/{rel}","templated":true}]}}