{"id":225479,"date":"2025-03-31T07:40:38","date_gmt":"2025-03-31T07:40:38","guid":{"rendered":"https:\/\/demosdivi.lovelyconfetti.com\/vivienpro\/?page_id=225479"},"modified":"2025-05-29T16:45:28","modified_gmt":"2025-05-29T16:45:28","slug":"testimonials","status":"publish","type":"page","link":"https:\/\/velvetweddings.pl\/?page_id=225479","title":{"rendered":"Referencje"},"content":{"rendered":"<p>[et_pb_section fb_built=&#8221;1&#8243; _builder_version=&#8221;4.16&#8243; _module_preset=&#8221;default&#8221; background_enable_color=&#8221;off&#8221; global_colors_info=&#8221;{}&#8221;][et_pb_row column_structure=&#8221;1_3,1_3,1_3&#8243; use_custom_gutter=&#8221;on&#8221; gutter_width=&#8221;3&#8243; make_equal=&#8221;on&#8221; _builder_version=&#8221;4.16&#8243; _module_preset=&#8221;default&#8221; global_colors_info=&#8221;{}&#8221;][et_pb_column type=&#8221;1_3&#8243; _builder_version=&#8221;4.16&#8243; _module_preset=&#8221;default&#8221; global_colors_info=&#8221;{}&#8221;][et_pb_text _builder_version=&#8221;4.16&#8243; _module_preset=&#8221;default&#8221; header_text_align=&#8221;center&#8221; header_2_font=&#8221;auteur||||||||&#8221; header_2_text_align=&#8221;center&#8221; header_2_font_size=&#8221;28px&#8221; header_2_line_height=&#8221;1.4em&#8221; module_alignment=&#8221;right&#8221; custom_margin=&#8221;||0px||false|false&#8221; custom_padding=&#8221;||0px||false|false&#8221; custom_css_main_element=&#8221;transform: rotate(-5deg);||&#8221; global_colors_info=&#8221;{}&#8221;]<\/p>\n<h2>Referencje:<\/h2>\n<p>[\/et_pb_text][et_pb_divider _builder_version=&#8221;4.16&#8243; _module_preset=&#8221;default&#8221; width=&#8221;30%&#8221; module_alignment=&#8221;center&#8221; custom_margin=&#8221;0px||||false|false&#8221; custom_padding=&#8221;0px||0px||false|false&#8221; global_colors_info=&#8221;{}&#8221;][\/et_pb_divider][et_pb_text _builder_version=&#8221;4.16&#8243; _module_preset=&#8221;default&#8221; text_line_height=&#8221;2.1em&#8221; header_3_text_align=&#8221;center&#8221; header_3_line_height=&#8221;1.3em&#8221; header_4_line_height=&#8221;1.6em&#8221; text_orientation=&#8221;center&#8221; global_colors_info=&#8221;{}&#8221;]<\/p>\n<h3><em><strong>\u201c To niesamowite, jak bardzo potrzebowa\u0142am wtedy kogo\u015b, kto b\u0119dzie po prostu obok \u2013 z dobr\u0105 energi\u0105, z czu\u0142o\u015bci\u0105, z pe\u0142nym zrozumieniem tego, co czuj\u0119.&#8221;<\/strong><\/em><\/h3>\n<p>W tym ca\u0142ym \u015blubnym wirze to w\u0142a\u015bnie Justyna by\u0142a dla mnie spokojem. Nie musia\u0142a nic m\u00f3wi\u0107 \u2013 jej obecno\u015b\u0107 wystarczy\u0142a, \u017cebym czu\u0142a si\u0119 bezpiecznie i pewnie. Gdy wszystko wok\u00f3\u0142 przyspiesza\u0142o, ona przypomina\u0142a mi, \u017ce to m\u00f3j dzie\u0144, \u017ce mog\u0119 si\u0119 zatrzyma\u0107, odetchn\u0105\u0107, po prostu by\u0107. To niesamowite, jak bardzo potrzebowa\u0142am wtedy kogo\u015b, kto b\u0119dzie po prostu obok \u2013 z dobr\u0105 energi\u0105, z czu\u0142o\u015bci\u0105, z pe\u0142nym zrozumieniem tego, co czuj\u0119. Justyna by\u0142a jak ciep\u0142y koc w \u015brodku emocjonalnej burzy \u2013 obecna i empatyczna, ale nie przyt\u0142aczaj\u0105ca.<\/p>\n<p><b>Joanna Borowik<\/b><\/p>\n<p>[\/et_pb_text][et_pb_divider divider_position=&#8221;center&#8221; divider_weight=&#8221;60px&#8221; _builder_version=&#8221;4.16&#8243; _module_preset=&#8221;default&#8221; width=&#8221;1px&#8221; module_alignment=&#8221;center&#8221; custom_margin=&#8221;||||false|false&#8221; custom_padding=&#8221;||||false|false&#8221; global_colors_info=&#8221;{}&#8221;][\/et_pb_divider][et_pb_image src=&#8221;https:\/\/velvetweddings.pl\/wp-content\/uploads\/2025\/05\/asiawojtek-87-scaled.jpg&#8221; title_text=&#8221;Joanna i Wojtek&#8221; _builder_version=&#8221;4.27.4&#8243; _module_preset=&#8221;default&#8221; box_shadow_style=&#8221;preset4&#8243; box_shadow_horizontal=&#8221;22px&#8221; box_shadow_vertical=&#8221;22px&#8221; box_shadow_color=&#8221;#FFFFFF&#8221; global_colors_info=&#8221;{}&#8221;][\/et_pb_image][et_pb_text _builder_version=&#8221;4.16&#8243; _module_preset=&#8221;default&#8221; text_line_height=&#8221;2.1em&#8221; header_3_text_align=&#8221;center&#8221; header_3_line_height=&#8221;1.2em&#8221; header_4_line_height=&#8221;1.6em&#8221; text_orientation=&#8221;center&#8221; custom_padding=&#8221;7%||||false|false&#8221; global_colors_info=&#8221;{}&#8221;]<\/p>\n<h3><em><strong>\u201cJustyna to osoba, na kt\u00f3rej mo\u017cna polega\u0107 w 100%.&#8221;<\/strong><\/em><\/h3>\n<p>Justyna to osoba, na kt\u00f3rej mo\u017cna polega\u0107 w 100%. Rzetelna, zaanga\u017cowana i pe\u0142na dobrej energii. Wsp\u00f3\u0142praca z ni\u0105 to czysta przyjemno\u015b\u0107!<\/p>\n<p><strong>Robert<\/strong><\/p>\n<p>[\/et_pb_text][et_pb_divider divider_position=&#8221;center&#8221; divider_weight=&#8221;60px&#8221; _builder_version=&#8221;4.16&#8243; _module_preset=&#8221;default&#8221; width=&#8221;1px&#8221; module_alignment=&#8221;center&#8221; custom_margin=&#8221;||||false|false&#8221; custom_padding=&#8221;||||false|false&#8221; global_colors_info=&#8221;{}&#8221;][\/et_pb_divider][et_pb_image src=&#8221;https:\/\/velvetweddings.pl\/wp-content\/uploads\/2025\/05\/w_d_repo_7-scaled.jpg&#8221; title_text=&#8221;w_d_repo_7&#8243; _builder_version=&#8221;4.27.4&#8243; _module_preset=&#8221;default&#8221; hover_enabled=&#8221;0&#8243; global_colors_info=&#8221;{}&#8221; sticky_enabled=&#8221;0&#8243;][\/et_pb_image][\/et_pb_column][et_pb_column type=&#8221;1_3&#8243; _builder_version=&#8221;4.16&#8243; _module_preset=&#8221;default&#8221; global_colors_info=&#8221;{}&#8221;][et_pb_image src=&#8221;https:\/\/velvetweddings.pl\/wp-content\/uploads\/2025\/05\/k_w_008-scaled.jpg&#8221; title_text=&#8221;k_w_008&#8243; _builder_version=&#8221;4.27.4&#8243; _module_preset=&#8221;default&#8221; custom_css_before=&#8221;content: %22\u201c%22;||    font-family: 'Crimson Text&#8217;, Georgia, serif;||    font-size: 245px;||    line-height: 100%;||    font-weight: 400;||    -webkit-text-fill-color: transparent;||    -webkit-text-stroke-width: 1px;||    -webkit-text-stroke-color: rgb(30, 30, 38);||    color: transparent;||    display: block;||    position: absolute;||    right: -20px;||    top: -34px;||    z-index: 20;||    transition: all 0.5s ease 0s;&#8221; global_colors_info=&#8221;{}&#8221;][\/et_pb_image][et_pb_divider divider_position=&#8221;bottom&#8221; divider_weight=&#8221;60px&#8221; _builder_version=&#8221;4.16&#8243; _module_preset=&#8221;default&#8221; width=&#8221;1px&#8221; module_alignment=&#8221;center&#8221; custom_margin=&#8221;||||false|false&#8221; custom_padding=&#8221;||||false|false&#8221; global_colors_info=&#8221;{}&#8221;][\/et_pb_divider][et_pb_text _builder_version=&#8221;4.16&#8243; _module_preset=&#8221;default&#8221; text_line_height=&#8221;2.1em&#8221; header_3_text_align=&#8221;center&#8221; header_3_line_height=&#8221;1.2em&#8221; header_4_line_height=&#8221;1.6em&#8221; text_orientation=&#8221;center&#8221; global_colors_info=&#8221;{}&#8221;]<\/p>\n<h3><em><strong>&#8222;To osoba pe\u0142na zaanga\u017cowania, energii i pasji \u2013 zorganizowana, komunikatywna i zawsze gotowa, by wzi\u0105\u0107 odpowiedzialno\u015b\u0107 za zadanie od pocz\u0105tku do ko\u0144ca.&#8221;<\/strong><\/em><\/h3>\n<p>Wsp\u00f3\u0142praca z Justyn\u0105 to prawdziwa przyjemno\u015b\u0107. To osoba pe\u0142na zaanga\u017cowania, energii i pasji \u2013 zorganizowana, komunikatywna i zawsze gotowa, by wzi\u0105\u0107 odpowiedzialno\u015b\u0107 za zadanie od pocz\u0105tku do ko\u0144ca. Doceniam jej rzetelno\u015b\u0107, profesjonalizm i dba\u0142o\u015b\u0107 o detale \u2013 ale jeszcze bardziej ceni\u0119 ciep\u0142o, z jakim podchodzi do ludzi. Potrafi stworzy\u0107 atmosfer\u0119, w kt\u00f3rej ka\u017cdy czuje si\u0119 wa\u017cny i zaopiekowany. Z pe\u0142nym przekonaniem mog\u0119 powiedzie\u0107: je\u015bli masz okazj\u0119 z ni\u0105 wsp\u00f3\u0142pracowa\u0107 \u2013 nie wahaj si\u0119 ani chwili.<\/p>\n<p><strong>Karolina<\/strong><\/p>\n<p>[\/et_pb_text][et_pb_image src=&#8221;https:\/\/velvetweddings.pl\/wp-content\/uploads\/2025\/02\/VivienProNew_002.jpg&#8221; title_text=&#8221;VivienProNew_002&#8243; _builder_version=&#8221;4.25.1&#8243; _module_preset=&#8221;default&#8221; global_colors_info=&#8221;{}&#8221;][\/et_pb_image][et_pb_divider divider_position=&#8221;bottom&#8221; divider_weight=&#8221;60px&#8221; _builder_version=&#8221;4.16&#8243; _module_preset=&#8221;default&#8221; width=&#8221;1px&#8221; module_alignment=&#8221;center&#8221; custom_margin=&#8221;||||false|false&#8221; custom_padding=&#8221;||||false|false&#8221; global_colors_info=&#8221;{}&#8221;][\/et_pb_divider][et_pb_text _builder_version=&#8221;4.16&#8243; _module_preset=&#8221;default&#8221; text_line_height=&#8221;2.1em&#8221; header_3_text_align=&#8221;center&#8221; header_3_line_height=&#8221;1.3em&#8221; header_4_line_height=&#8221;1.6em&#8221; text_orientation=&#8221;center&#8221; global_colors_info=&#8221;{}&#8221;]<\/p>\n<h3><em><strong>\u201c Potrafi stworzy\u0107 atmosfer\u0119 zaufania i komfortu, w kt\u00f3rej wszystko wydaje si\u0119 mo\u017cliwe.&#8221;<\/strong><\/em><\/h3>\n<p>To, co od razu wyr\u00f3\u017cnia Justyn\u0119 to serdeczno\u015b\u0107 i niesamowita uwa\u017cno\u015b\u0107.<br data-start=\"188\" data-end=\"191\" \/>Zawsze gotowa wys\u0142ucha\u0107, doradzi\u0107 i znale\u017a\u0107 rozwi\u0105zanie \u2013 z klas\u0105, wyczuciem i ogromnym profesjonalizmem. Potrafi stworzy\u0107 atmosfer\u0119 zaufania i komfortu, w kt\u00f3rej wszystko wydaje si\u0119 mo\u017cliwe.<\/p>\n<p><span><strong>Karina<\/strong>\u00a0<\/span><\/p>\n<p>[\/et_pb_text][\/et_pb_column][et_pb_column type=&#8221;1_3&#8243; _builder_version=&#8221;4.16&#8243; _module_preset=&#8221;default&#8221; global_colors_info=&#8221;{}&#8221;][et_pb_text _builder_version=&#8221;4.16&#8243; _module_preset=&#8221;default&#8221; text_line_height=&#8221;2.1em&#8221; header_3_text_align=&#8221;center&#8221; header_3_line_height=&#8221;1.2em&#8221; header_4_line_height=&#8221;1.6em&#8221; text_orientation=&#8221;center&#8221; global_colors_info=&#8221;{}&#8221;]<\/p>\n<h3><em><strong>&#8222;Czu\u0142o si\u0119, \u017ce wszystko zosta\u0142o stworzone z sercem \u2013 i z ogromn\u0105 dba\u0142o\u015bci\u0105&#8221;<\/strong><\/em><\/h3>\n<p>Mia\u0142am przyjemno\u015b\u0107 by\u0107 go\u015bciem na \u015blubie, kt\u00f3ry organizowa\u0142a Justyna, i do dzi\u015b nie mog\u0119 wyj\u015b\u0107 z podziwu! Ka\u017cdy detal by\u0142 dopracowany \u2013 od pi\u0119knych dekoracji, przez idealnie zsynchronizowany plan dnia, a\u017c po atmosfer\u0119, kt\u00f3ra po prostu zachwyca\u0142a. Wszystko przebiega\u0142o tak p\u0142ynnie i naturalnie, \u017ce a\u017c trudno by\u0142o uwierzy\u0107, ile pracy musia\u0142o to kosztowa\u0107 za kulisami. By\u0142o elegancko i klimatycznie. Czu\u0142o si\u0119, \u017ce wszystko zosta\u0142o stworzone z sercem \u2013 i z ogromn\u0105 dba\u0142o\u015bci\u0105.\u00a0 Je\u015bli szukasz osoby, kt\u00f3ra nie tylko perfekcyjnie zorganizuje ka\u017cdy szczeg\u00f3\u0142, ale te\u017c zadba o to, by ten dzie\u0144 naprawd\u0119 by\u0142 najpi\u0119kniejszy \u2013 z ca\u0142ego serca polecam!<\/p>\n<p><strong>Wiktoria<\/strong><\/p>\n<p>[\/et_pb_text][et_pb_divider divider_position=&#8221;center&#8221; divider_weight=&#8221;60px&#8221; _builder_version=&#8221;4.16&#8243; _module_preset=&#8221;default&#8221; width=&#8221;1px&#8221; module_alignment=&#8221;center&#8221; custom_margin=&#8221;||||false|false&#8221; custom_padding=&#8221;||||false|false&#8221; global_colors_info=&#8221;{}&#8221;][\/et_pb_divider][et_pb_image src=&#8221;https:\/\/velvetweddings.pl\/wp-content\/uploads\/2021\/05\/VivienPro_015.jpg&#8221; title_text=&#8221;VivienPro_015&#8243; _builder_version=&#8221;4.25.1&#8243; _module_preset=&#8221;default&#8221; box_shadow_style=&#8221;preset4&#8243; box_shadow_horizontal=&#8221;22px&#8221; box_shadow_vertical=&#8221;22px&#8221; box_shadow_color=&#8221;#FFFFFF&#8221; global_colors_info=&#8221;{}&#8221;][\/et_pb_image][et_pb_text _builder_version=&#8221;4.16&#8243; _module_preset=&#8221;default&#8221; text_line_height=&#8221;2.1em&#8221; header_3_text_align=&#8221;center&#8221; header_3_line_height=&#8221;1.2em&#8221; header_4_line_height=&#8221;1.6em&#8221; text_orientation=&#8221;center&#8221; custom_padding=&#8221;7%||||false|false&#8221; global_colors_info=&#8221;{}&#8221;]<\/p>\n<h3><em><strong>\u201c Robi wszystko z sercem, ale te\u017c z g\u0142ow\u0105 \u2013 \u0142\u0105czy pasj\u0119 z profesjonalizmem w spos\u00f3b, kt\u00f3ry budzi podziw i zaufanie.&#8221;<\/strong><\/em><\/h3>\n<p>Justyna to jedna z tych os\u00f3b, kt\u00f3re po prostu robi\u0105 r\u00f3\u017cnic\u0119. Ciep\u0142a, empatyczna, a przy tym niezwykle konkretna i \u015bwietnie zorganizowana. Zawsze mo\u017cna na ni\u0105 liczy\u0107 \u2013 potrafi s\u0142ucha\u0107, doradzi\u0107, a kiedy trzeba, dzia\u0142a szybko i skutecznie. Ma niesamowite wyczucie estetyki i ogromn\u0105 dba\u0142o\u015b\u0107 o detale \u2013 nic nie umyka jej uwadze. Robi wszystko z sercem, ale te\u017c z g\u0142ow\u0105 \u2013 \u0142\u0105czy pasj\u0119 z profesjonalizmem w spos\u00f3b, kt\u00f3ry budzi podziw i zaufanie. Jest osob\u0105, z kt\u00f3r\u0105 chce si\u0119 pracowa\u0107, sp\u0119dza\u0107 czas i dzieli\u0107 wa\u017cne momenty. Po prostu \u2013 wspania\u0142y cz\u0142owiek, kt\u00f3ry daje z siebie 100% i jeszcze troch\u0119.<\/p>\n<p><strong>Wojciech Brodowski<\/strong><\/p>\n<p>[\/et_pb_text][et_pb_divider divider_position=&#8221;center&#8221; divider_weight=&#8221;60px&#8221; _builder_version=&#8221;4.16&#8243; _module_preset=&#8221;default&#8221; width=&#8221;1px&#8221; module_alignment=&#8221;center&#8221; custom_margin=&#8221;||||false|false&#8221; custom_padding=&#8221;||||false|false&#8221; global_colors_info=&#8221;{}&#8221;][\/et_pb_divider][et_pb_image src=&#8221;https:\/\/velvetweddings.pl\/wp-content\/uploads\/2025\/05\/asiawojtek-17-scaled.jpg&#8221; title_text=&#8221;Joanna i Wojtek&#8221; _builder_version=&#8221;4.27.4&#8243; _module_preset=&#8221;default&#8221; hover_enabled=&#8221;0&#8243; global_colors_info=&#8221;{}&#8221; sticky_enabled=&#8221;0&#8243;][\/et_pb_image][\/et_pb_column][\/et_pb_row][\/et_pb_section]<\/p>\n","protected":false},"excerpt":{"rendered":"<p>Referencje:\u201c To niesamowite, jak bardzo potrzebowa\u0142am wtedy kogo\u015b, kto b\u0119dzie po prostu obok \u2013 z dobr\u0105 energi\u0105, z czu\u0142o\u015bci\u0105, z pe\u0142nym zrozumieniem tego, co czuj\u0119.&#8221; W tym ca\u0142ym \u015blubnym wirze to w\u0142a\u015bnie Justyna by\u0142a dla mnie spokojem. Nie musia\u0142a nic m\u00f3wi\u0107 \u2013 jej obecno\u015b\u0107 wystarczy\u0142a, \u017cebym czu\u0142a si\u0119 bezpiecznie i pewnie. Gdy wszystko wok\u00f3\u0142 przyspiesza\u0142o, [&hellip;]<\/p>\n","protected":false},"author":2,"featured_media":0,"parent":0,"menu_order":0,"comment_status":"closed","ping_status":"closed","template":"","meta":{"_et_pb_use_builder":"on","_et_pb_old_content":"","_et_gb_content_width":"","footnotes":""},"class_list":["post-225479","page","type-page","status-publish","hentry"],"_links":{"self":[{"href":"https:\/\/velvetweddings.pl\/index.php?rest_route=\/wp\/v2\/pages\/225479","targetHints":{"allow":["GET"]}}],"collection":[{"href":"https:\/\/velvetweddings.pl\/index.php?rest_route=\/wp\/v2\/pages"}],"about":[{"href":"https:\/\/velvetweddings.pl\/index.php?rest_route=\/wp\/v2\/types\/page"}],"author":[{"embeddable":true,"href":"https:\/\/velvetweddings.pl\/index.php?rest_route=\/wp\/v2\/users\/2"}],"replies":[{"embeddable":true,"href":"https:\/\/velvetweddings.pl\/index.php?rest_route=%2Fwp%2Fv2%2Fcomments&post=225479"}],"version-history":[{"count":4,"href":"https:\/\/velvetweddings.pl\/index.php?rest_route=\/wp\/v2\/pages\/225479\/revisions"}],"predecessor-version":[{"id":229914,"href":"https:\/\/velvetweddings.pl\/index.php?rest_route=\/wp\/v2\/pages\/225479\/revisions\/229914"}],"wp:attachment":[{"href":"https:\/\/velvetweddings.pl\/index.php?rest_route=%2Fwp%2Fv2%2Fmedia&parent=225479"}],"curies":[{"name":"wp","href":"https:\/\/api.w.org\/{rel}","templated":true}]}}