{"id":226321,"date":"2021-05-14T19:10:30","date_gmt":"2021-05-14T19:10:30","guid":{"rendered":"https:\/\/demosdivi.lovelyconfetti.com\/vivienpro\/?page_id=226321"},"modified":"2025-10-28T10:37:57","modified_gmt":"2025-10-28T10:37:57","slug":"porfolio-grid","status":"publish","type":"page","link":"https:\/\/velvetweddings.pl\/?page_id=226321","title":{"rendered":"\u015alubne Historie"},"content":{"rendered":"<p>[et_pb_section fb_built=&#8221;1&#8243; _builder_version=&#8221;4.25.1&#8243; _module_preset=&#8221;default&#8221; background_color=&#8221;rgba(255,255,255,0.5)&#8221; background_image=&#8221;https:\/\/demosdivi.lovelyconfetti.com\/vivienpro\/wp-content\/uploads\/sites\/13\/2021\/04\/Vivienpro-Header-1.jpg&#8221; background_blend=&#8221;overlay&#8221; background_enable_video_mp4=&#8221;off&#8221; global_colors_info=&#8221;{}&#8221;][et_pb_row use_custom_gutter=&#8221;on&#8221; gutter_width=&#8221;1&#8243; make_equal=&#8221;on&#8221; _builder_version=&#8221;4.16&#8243; _module_preset=&#8221;default&#8221; background_enable_color=&#8221;off&#8221; max_width=&#8221;700px&#8221; module_alignment=&#8221;center&#8221; border_color_all=&#8221;#FFFFFF&#8221; global_colors_info=&#8221;{}&#8221;][et_pb_column type=&#8221;4_4&#8243; _builder_version=&#8221;4.16&#8243; _module_preset=&#8221;default&#8221; global_colors_info=&#8221;{}&#8221;][et_pb_text _builder_version=&#8221;4.16&#8243; _module_preset=&#8221;default&#8221; text_font=&#8221;|600|||||||&#8221; text_text_color=&#8221;#9d8a46&#8243; text_font_size=&#8221;12px&#8221; text_letter_spacing=&#8221;2px&#8221; text_line_height=&#8221;2.1em&#8221; header_2_font=&#8221;auteur||||||||&#8221; header_2_text_align=&#8221;center&#8221; header_2_line_height=&#8221;1.3em&#8221; text_orientation=&#8221;center&#8221; global_colors_info=&#8221;{}&#8221;]<\/p>\n<p><strong>\u015alubne historie<\/strong><\/p>\n<h2>Pary, ceremonie, przyj\u0119cia<\/h2>\n<p>[\/et_pb_text][et_pb_divider color=&#8221;#000000&#8243; _builder_version=&#8221;4.16&#8243; _module_preset=&#8221;default&#8221; width=&#8221;20%&#8221; module_alignment=&#8221;center&#8221; global_colors_info=&#8221;{}&#8221;][\/et_pb_divider][\/et_pb_column][\/et_pb_row][\/et_pb_section][et_pb_section fb_built=&#8221;1&#8243; _builder_version=&#8221;4.27.4&#8243; _module_preset=&#8221;default&#8221; custom_padding=&#8221;||0px|||&#8221; global_colors_info=&#8221;{}&#8221;][et_pb_row _builder_version=&#8221;4.27.4&#8243; _module_preset=&#8221;default&#8221; global_colors_info=&#8221;{}&#8221;][et_pb_column type=&#8221;4_4&#8243; _builder_version=&#8221;4.27.4&#8243; _module_preset=&#8221;default&#8221; global_colors_info=&#8221;{}&#8221;][et_pb_text _builder_version=&#8221;4.27.4&#8243; _module_preset=&#8221;default&#8221; global_colors_info=&#8221;{}&#8221;]<\/p>\n<p style=\"text-align: center;\"><sup>Ka\u017cda historia jest inna, ka\u017cda pe\u0142na emocji i pi\u0119kna. Zanurz si\u0119 w kadrach, kt\u00f3re opowiadaj\u0105 o mi\u0142o\u015bci, stylu i wyj\u0105tkowych momentach. <br \/>Niech te obrazy b\u0119d\u0105 dla Ciebie inspiracj\u0105 i zapowiedzi\u0105 tego, co mo\u017cemy stworzy\u0107 razem.<\/sup><\/p>\n<p>[\/et_pb_text][\/et_pb_column][\/et_pb_row][\/et_pb_section][et_pb_section fb_built=&#8221;1&#8243; _builder_version=&#8221;4.16&#8243; _module_preset=&#8221;default&#8221; custom_margin=&#8221;||35px||false|false&#8221; hover_enabled=&#8221;0&#8243; global_colors_info=&#8221;{}&#8221; sticky_enabled=&#8221;0&#8243;][et_pb_row column_structure=&#8221;1_2,1_2&#8243; _builder_version=&#8221;4.27.4&#8243; _module_preset=&#8221;default&#8221; hover_enabled=&#8221;0&#8243; global_colors_info=&#8221;{}&#8221; sticky_enabled=&#8221;0&#8243;][et_pb_column type=&#8221;1_2&#8243; _builder_version=&#8221;4.27.4&#8243; _module_preset=&#8221;default&#8221; global_colors_info=&#8221;{}&#8221;][et_pb_image src=&#8221;https:\/\/velvetweddings.pl\/wp-content\/uploads\/2025\/05\/asiawojtek-155-scaled.jpg&#8221; title_text=&#8221;Joanna i Wojtek&#8221; _builder_version=&#8221;4.27.4&#8243; _module_preset=&#8221;default&#8221; global_colors_info=&#8221;{}&#8221;][\/et_pb_image][et_pb_image src=&#8221;https:\/\/velvetweddings.pl\/wp-content\/uploads\/2025\/05\/asiawojtek-214-scaled.jpg&#8221; title_text=&#8221;Joanna i Wojtek&#8221; _builder_version=&#8221;4.27.4&#8243; _module_preset=&#8221;default&#8221; global_colors_info=&#8221;{}&#8221;][\/et_pb_image][et_pb_image src=&#8221;https:\/\/velvetweddings.pl\/wp-content\/uploads\/2025\/05\/asiawojtek-480-scaled.jpg&#8221; title_text=&#8221;Joanna i Wojtek&#8221; _builder_version=&#8221;4.27.4&#8243; _module_preset=&#8221;default&#8221; global_colors_info=&#8221;{}&#8221;][\/et_pb_image][et_pb_image src=&#8221;https:\/\/velvetweddings.pl\/wp-content\/uploads\/2025\/05\/asiawojtek-177-scaled.jpg&#8221; title_text=&#8221;Joanna i Wojtek&#8221; _builder_version=&#8221;4.27.4&#8243; _module_preset=&#8221;default&#8221; global_colors_info=&#8221;{}&#8221;][\/et_pb_image][et_pb_image src=&#8221;https:\/\/velvetweddings.pl\/wp-content\/uploads\/2025\/05\/w_d_repo_99-scaled.jpg&#8221; title_text=&#8221;w_d_repo_99&#8243; _builder_version=&#8221;4.27.4&#8243; _module_preset=&#8221;default&#8221; global_colors_info=&#8221;{}&#8221;][\/et_pb_image][et_pb_image src=&#8221;https:\/\/velvetweddings.pl\/wp-content\/uploads\/2025\/05\/w_d_repo_223-scaled.jpg&#8221; title_text=&#8221;w_d_repo_223&#8243; _builder_version=&#8221;4.27.4&#8243; _module_preset=&#8221;default&#8221; global_colors_info=&#8221;{}&#8221;][\/et_pb_image][et_pb_image src=&#8221;https:\/\/velvetweddings.pl\/wp-content\/uploads\/2025\/05\/w_d_repo_327-scaled.jpg&#8221; title_text=&#8221;w_d_repo_327&#8243; _builder_version=&#8221;4.27.4&#8243; _module_preset=&#8221;default&#8221; global_colors_info=&#8221;{}&#8221;][\/et_pb_image][et_pb_image src=&#8221;https:\/\/velvetweddings.pl\/wp-content\/uploads\/2025\/05\/k_w_115-scaled.jpg&#8221; title_text=&#8221;k_w_115&#8243; _builder_version=&#8221;4.27.4&#8243; _module_preset=&#8221;default&#8221; global_colors_info=&#8221;{}&#8221;][\/et_pb_image][et_pb_image src=&#8221;https:\/\/velvetweddings.pl\/wp-content\/uploads\/2025\/05\/k_w_090-scaled.jpg&#8221; title_text=&#8221;k_w_090&#8243; _builder_version=&#8221;4.27.4&#8243; _module_preset=&#8221;default&#8221; global_colors_info=&#8221;{}&#8221;][\/et_pb_image][et_pb_image src=&#8221;https:\/\/velvetweddings.pl\/wp-content\/uploads\/2025\/05\/k_w_109-scaled.jpg&#8221; title_text=&#8221;k_w_109&#8243; _builder_version=&#8221;4.27.4&#8243; _module_preset=&#8221;default&#8221; global_colors_info=&#8221;{}&#8221;][\/et_pb_image][et_pb_image src=&#8221;https:\/\/velvetweddings.pl\/wp-content\/uploads\/2025\/05\/k_w_145-scaled.jpg&#8221; title_text=&#8221;k_w_145&#8243; _builder_version=&#8221;4.27.4&#8243; _module_preset=&#8221;default&#8221; global_colors_info=&#8221;{}&#8221;][\/et_pb_image][et_pb_image src=&#8221;https:\/\/velvetweddings.pl\/wp-content\/uploads\/2025\/05\/k_w_211-scaled.jpg&#8221; title_text=&#8221;k_w_211&#8243; _builder_version=&#8221;4.27.4&#8243; _module_preset=&#8221;default&#8221; global_colors_info=&#8221;{}&#8221;][\/et_pb_image][et_pb_image src=&#8221;https:\/\/velvetweddings.pl\/wp-content\/uploads\/2025\/05\/k_w_245-scaled.jpg&#8221; title_text=&#8221;k_w_245&#8243; _builder_version=&#8221;4.27.4&#8243; _module_preset=&#8221;default&#8221; global_colors_info=&#8221;{}&#8221;][\/et_pb_image][\/et_pb_column][et_pb_column type=&#8221;1_2&#8243; _builder_version=&#8221;4.27.4&#8243; _module_preset=&#8221;default&#8221; global_colors_info=&#8221;{}&#8221;][et_pb_image src=&#8221;https:\/\/velvetweddings.pl\/wp-content\/uploads\/2025\/05\/asiawojtek-141-scaled.jpg&#8221; title_text=&#8221;Joanna i Wojtek&#8221; _builder_version=&#8221;4.27.4&#8243; _module_preset=&#8221;default&#8221; global_colors_info=&#8221;{}&#8221;][\/et_pb_image][et_pb_image src=&#8221;https:\/\/velvetweddings.pl\/wp-content\/uploads\/2025\/05\/asiawojtek-471-scaled.jpg&#8221; title_text=&#8221;Joanna i Wojtek&#8221; _builder_version=&#8221;4.27.4&#8243; _module_preset=&#8221;default&#8221; global_colors_info=&#8221;{}&#8221;][\/et_pb_image][et_pb_image src=&#8221;https:\/\/velvetweddings.pl\/wp-content\/uploads\/2025\/05\/asiawojtek-468-scaled.jpg&#8221; title_text=&#8221;Joanna i Wojtek&#8221; _builder_version=&#8221;4.27.4&#8243; _module_preset=&#8221;default&#8221; global_colors_info=&#8221;{}&#8221;][\/et_pb_image][et_pb_image src=&#8221;https:\/\/velvetweddings.pl\/wp-content\/uploads\/2025\/05\/asiawojtek-176-scaled.jpg&#8221; title_text=&#8221;Joanna i Wojtek&#8221; _builder_version=&#8221;4.27.4&#8243; _module_preset=&#8221;default&#8221; global_colors_info=&#8221;{}&#8221;][\/et_pb_image][et_pb_image src=&#8221;https:\/\/velvetweddings.pl\/wp-content\/uploads\/2025\/05\/w_d_repo_106-scaled.jpg&#8221; title_text=&#8221;w_d_repo_106&#8243; _builder_version=&#8221;4.27.4&#8243; _module_preset=&#8221;default&#8221; global_colors_info=&#8221;{}&#8221;][\/et_pb_image][et_pb_image src=&#8221;https:\/\/velvetweddings.pl\/wp-content\/uploads\/2025\/05\/w_d_repo_118-scaled.jpg&#8221; title_text=&#8221;w_d_repo_118&#8243; _builder_version=&#8221;4.27.4&#8243; _module_preset=&#8221;default&#8221; global_colors_info=&#8221;{}&#8221;][\/et_pb_image][et_pb_image src=&#8221;https:\/\/velvetweddings.pl\/wp-content\/uploads\/2025\/05\/w_d_repo_208-scaled.jpg&#8221; title_text=&#8221;w_d_repo_208&#8243; _builder_version=&#8221;4.27.4&#8243; _module_preset=&#8221;default&#8221; global_colors_info=&#8221;{}&#8221;][\/et_pb_image][et_pb_image src=&#8221;https:\/\/velvetweddings.pl\/wp-content\/uploads\/2025\/05\/w_d_repo_273-scaled.jpg&#8221; title_text=&#8221;w_d_repo_273&#8243; _builder_version=&#8221;4.27.4&#8243; _module_preset=&#8221;default&#8221; global_colors_info=&#8221;{}&#8221;][\/et_pb_image][et_pb_image src=&#8221;https:\/\/velvetweddings.pl\/wp-content\/uploads\/2025\/05\/w_d_repo_338-scaled.jpg&#8221; title_text=&#8221;w_d_repo_338&#8243; _builder_version=&#8221;4.27.4&#8243; _module_preset=&#8221;default&#8221; global_colors_info=&#8221;{}&#8221;][\/et_pb_image][et_pb_image src=&#8221;https:\/\/velvetweddings.pl\/wp-content\/uploads\/2025\/05\/k_w_042-scaled.jpg&#8221; title_text=&#8221;k_w_042&#8243; _builder_version=&#8221;4.27.4&#8243; _module_preset=&#8221;default&#8221; global_colors_info=&#8221;{}&#8221;][\/et_pb_image][et_pb_image src=&#8221;https:\/\/velvetweddings.pl\/wp-content\/uploads\/2025\/05\/k_w_110-scaled.jpg&#8221; title_text=&#8221;k_w_110&#8243; _builder_version=&#8221;4.27.4&#8243; _module_preset=&#8221;default&#8221; global_colors_info=&#8221;{}&#8221;][\/et_pb_image][et_pb_image src=&#8221;https:\/\/velvetweddings.pl\/wp-content\/uploads\/2025\/05\/k_w_287-scaled.jpg&#8221; title_text=&#8221;k_w_287&#8243; _builder_version=&#8221;4.27.4&#8243; _module_preset=&#8221;default&#8221; global_colors_info=&#8221;{}&#8221;][\/et_pb_image][et_pb_image src=&#8221;https:\/\/velvetweddings.pl\/wp-content\/uploads\/2025\/05\/k_w_153-scaled.jpg&#8221; title_text=&#8221;k_w_153&#8243; _builder_version=&#8221;4.27.4&#8243; _module_preset=&#8221;default&#8221; global_colors_info=&#8221;{}&#8221;][\/et_pb_image][et_pb_image src=&#8221;https:\/\/velvetweddings.pl\/wp-content\/uploads\/2025\/05\/k_w_274-scaled.jpg&#8221; title_text=&#8221;k_w_274&#8243; _builder_version=&#8221;4.27.4&#8243; _module_preset=&#8221;default&#8221; global_colors_info=&#8221;{}&#8221;][\/et_pb_image][\/et_pb_column][\/et_pb_row][\/et_pb_section]<\/p>\n","protected":false},"excerpt":{"rendered":"<p>\u015alubne historie Pary, ceremonie, przyj\u0119ciaKa\u017cda historia jest inna, ka\u017cda pe\u0142na emocji i pi\u0119kna. Zanurz si\u0119 w kadrach, kt\u00f3re opowiadaj\u0105 o mi\u0142o\u015bci, stylu i wyj\u0105tkowych momentach. Niech te obrazy b\u0119d\u0105 dla Ciebie inspiracj\u0105 i zapowiedzi\u0105 tego, co mo\u017cemy stworzy\u0107 razem.<\/p>\n","protected":false},"author":2,"featured_media":0,"parent":0,"menu_order":0,"comment_status":"closed","ping_status":"closed","template":"","meta":{"_et_pb_use_builder":"on","_et_pb_old_content":"","_et_gb_content_width":"","footnotes":""},"class_list":["post-226321","page","type-page","status-publish","hentry"],"_links":{"self":[{"href":"https:\/\/velvetweddings.pl\/index.php?rest_route=\/wp\/v2\/pages\/226321","targetHints":{"allow":["GET"]}}],"collection":[{"href":"https:\/\/velvetweddings.pl\/index.php?rest_route=\/wp\/v2\/pages"}],"about":[{"href":"https:\/\/velvetweddings.pl\/index.php?rest_route=\/wp\/v2\/types\/page"}],"author":[{"embeddable":true,"href":"https:\/\/velvetweddings.pl\/index.php?rest_route=\/wp\/v2\/users\/2"}],"replies":[{"embeddable":true,"href":"https:\/\/velvetweddings.pl\/index.php?rest_route=%2Fwp%2Fv2%2Fcomments&post=226321"}],"version-history":[{"count":3,"href":"https:\/\/velvetweddings.pl\/index.php?rest_route=\/wp\/v2\/pages\/226321\/revisions"}],"predecessor-version":[{"id":230070,"href":"https:\/\/velvetweddings.pl\/index.php?rest_route=\/wp\/v2\/pages\/226321\/revisions\/230070"}],"wp:attachment":[{"href":"https:\/\/velvetweddings.pl\/index.php?rest_route=%2Fwp%2Fv2%2Fmedia&parent=226321"}],"curies":[{"name":"wp","href":"https:\/\/api.w.org\/{rel}","templated":true}]}}